{"id":138,"date":"2020-08-18T00:48:53","date_gmt":"2020-08-18T00:48:53","guid":{"rendered":"https:\/\/ivanofarrell.com\/?page_id=138"},"modified":"2026-04-13T04:37:16","modified_gmt":"2026-04-13T04:37:16","slug":"podcast","status":"publish","type":"page","link":"https:\/\/ivanofarrell.com\/en\/podcast\/","title":{"rendered":"PODCAST"},"content":{"rendered":"<div class=\"wp-block-image\">\n<figure class=\"aligncenter size-large\"><img loading=\"lazy\" decoding=\"async\" width=\"1024\" height=\"576\" src=\"https:\/\/ivanofarrell.com\/wp-content\/uploads\/2026\/03\/Clean-Minimalist-Typography-Cinematic-Street-Video-YouTube-Thumbnail-1024x576.png\" alt=\"\" class=\"wp-image-1251\" srcset=\"https:\/\/ivanofarrell.com\/wp-content\/uploads\/2026\/03\/Clean-Minimalist-Typography-Cinematic-Street-Video-YouTube-Thumbnail-1024x576.png 1024w, https:\/\/ivanofarrell.com\/wp-content\/uploads\/2026\/03\/Clean-Minimalist-Typography-Cinematic-Street-Video-YouTube-Thumbnail-300x169.png 300w, https:\/\/ivanofarrell.com\/wp-content\/uploads\/2026\/03\/Clean-Minimalist-Typography-Cinematic-Street-Video-YouTube-Thumbnail-768x432.png 768w, https:\/\/ivanofarrell.com\/wp-content\/uploads\/2026\/03\/Clean-Minimalist-Typography-Cinematic-Street-Video-YouTube-Thumbnail-18x10.png 18w, https:\/\/ivanofarrell.com\/wp-content\/uploads\/2026\/03\/Clean-Minimalist-Typography-Cinematic-Street-Video-YouTube-Thumbnail.png 1280w\" sizes=\"auto, (max-width: 1024px) 100vw, 1024px\" \/><\/figure><\/div>\n\n\n<p><\/p>\n\n\n\n<p class=\"has-text-align-center\"> Mente al Desnudo is a podcast produced by SMV Networks where we explore the emotional, psychological, and sexual world of the human experience with honesty, empathy, and no filters. Each episode opens the door to deep, real, and transformative conversations that invite you to better understand yourself and feel supported throughout your inner journey.<\/p>\n\n\n<div class=\"wp-block-image\">\n<figure class=\"aligncenter size-large\"><img loading=\"lazy\" decoding=\"async\" width=\"1024\" height=\"683\" src=\"https:\/\/ivanofarrell.com\/wp-content\/uploads\/2026\/04\/Mente-al-Desnudo-podcast-promo-1024x683.png\" alt=\"\" class=\"wp-image-1278\" srcset=\"https:\/\/ivanofarrell.com\/wp-content\/uploads\/2026\/04\/Mente-al-Desnudo-podcast-promo-1024x683.png 1024w, https:\/\/ivanofarrell.com\/wp-content\/uploads\/2026\/04\/Mente-al-Desnudo-podcast-promo-300x200.png 300w, https:\/\/ivanofarrell.com\/wp-content\/uploads\/2026\/04\/Mente-al-Desnudo-podcast-promo-768x512.png 768w, https:\/\/ivanofarrell.com\/wp-content\/uploads\/2026\/04\/Mente-al-Desnudo-podcast-promo-18x12.png 18w, https:\/\/ivanofarrell.com\/wp-content\/uploads\/2026\/04\/Mente-al-Desnudo-podcast-promo.png 1536w\" sizes=\"auto, (max-width: 1024px) 100vw, 1024px\" \/><\/figure><\/div>\n\n\n<h2 class=\"wp-block-heading has-text-align-center\">Listen to My Podcast<\/h2>\n\n\n\n<div class=\"wp-block-columns is-layout-flex wp-container-core-columns-is-layout-9d6595d7 wp-block-columns-is-layout-flex\">\n<div class=\"wp-block-column is-layout-flow wp-block-column-is-layout-flow\"><div class=\"wp-block-image\">\n<figure class=\"aligncenter size-full is-resized\"><a href=\"https:\/\/open.spotify.com\/show\/2QKsRAYq3qPiLN2NCs98f1?si=268c417f66c04886\" target=\"_blank\" rel=\" noreferrer noopener\"><img loading=\"lazy\" decoding=\"async\" width=\"1024\" height=\"1024\" src=\"https:\/\/ivanofarrell.com\/wp-content\/uploads\/2021\/10\/3.png\" alt=\"\" class=\"wp-image-604\" style=\"width:180px;height:auto\" srcset=\"https:\/\/ivanofarrell.com\/wp-content\/uploads\/2021\/10\/3.png 1024w, https:\/\/ivanofarrell.com\/wp-content\/uploads\/2021\/10\/3-300x300.png 300w, https:\/\/ivanofarrell.com\/wp-content\/uploads\/2021\/10\/3-150x150.png 150w, https:\/\/ivanofarrell.com\/wp-content\/uploads\/2021\/10\/3-768x768.png 768w, https:\/\/ivanofarrell.com\/wp-content\/uploads\/2021\/10\/3-60x60.png 60w\" sizes=\"auto, (max-width: 1024px) 100vw, 1024px\" \/><\/a><\/figure><\/div>\n\n\n<p><\/p>\n<\/div>\n\n\n\n<div class=\"wp-block-column is-layout-flow wp-block-column-is-layout-flow\"><div class=\"wp-block-image\">\n<figure class=\"aligncenter size-full\"><a href=\"https:\/\/www.youtube.com\/@smvnetworks\"><img loading=\"lazy\" decoding=\"async\" width=\"214\" height=\"148\" src=\"https:\/\/ivanofarrell.com\/wp-content\/uploads\/2026\/03\/yt.png\" alt=\"\" class=\"wp-image-1260\" srcset=\"https:\/\/ivanofarrell.com\/wp-content\/uploads\/2026\/03\/yt.png 214w, https:\/\/ivanofarrell.com\/wp-content\/uploads\/2026\/03\/yt-18x12.png 18w\" sizes=\"auto, (max-width: 214px) 100vw, 214px\" \/><\/a><\/figure><\/div><\/div>\n\n\n\n<div class=\"wp-block-column is-layout-flow wp-block-column-is-layout-flow\"><div class=\"wp-block-image\">\n<figure class=\"aligncenter size-full is-resized\"><a href=\"https:\/\/podcasts.apple.com\/us\/podcast\/mente-al-desnudo\/id1857371800\" target=\"_blank\" rel=\" noreferrer noopener\"><img loading=\"lazy\" decoding=\"async\" width=\"1024\" height=\"1024\" src=\"https:\/\/ivanofarrell.com\/wp-content\/uploads\/2021\/10\/2.png\" alt=\"\" class=\"wp-image-598\" style=\"width:175px;height:auto\" srcset=\"https:\/\/ivanofarrell.com\/wp-content\/uploads\/2021\/10\/2.png 1024w, https:\/\/ivanofarrell.com\/wp-content\/uploads\/2021\/10\/2-300x300.png 300w, https:\/\/ivanofarrell.com\/wp-content\/uploads\/2021\/10\/2-150x150.png 150w, https:\/\/ivanofarrell.com\/wp-content\/uploads\/2021\/10\/2-768x768.png 768w, https:\/\/ivanofarrell.com\/wp-content\/uploads\/2021\/10\/2-60x60.png 60w\" sizes=\"auto, (max-width: 1024px) 100vw, 1024px\" \/><\/a><\/figure><\/div><\/div>\n<\/div>\n\n\n\n<h2 class=\"wp-block-heading has-text-align-center\">Social Media<\/h2>\n\n\n\n<div class=\"wp-block-columns is-layout-flex wp-container-core-columns-is-layout-9d6595d7 wp-block-columns-is-layout-flex\">\n<div class=\"wp-block-column is-vertically-aligned-center is-layout-flow wp-block-column-is-layout-flow\"><div class=\"wp-block-image\">\n<figure class=\"aligncenter size-full is-resized\"><a href=\"https:\/\/www.facebook.com\/smvnetworks\" target=\"_blank\" rel=\" noreferrer noopener\"><img loading=\"lazy\" decoding=\"async\" width=\"1000\" height=\"750\" src=\"https:\/\/ivanofarrell.com\/wp-content\/uploads\/2021\/10\/4.png\" alt=\"\" class=\"wp-image-605\" style=\"width:217px;height:auto\" srcset=\"https:\/\/ivanofarrell.com\/wp-content\/uploads\/2021\/10\/4.png 1000w, https:\/\/ivanofarrell.com\/wp-content\/uploads\/2021\/10\/4-300x225.png 300w, https:\/\/ivanofarrell.com\/wp-content\/uploads\/2021\/10\/4-768x576.png 768w, https:\/\/ivanofarrell.com\/wp-content\/uploads\/2021\/10\/4-80x60.png 80w\" sizes=\"auto, (max-width: 1000px) 100vw, 1000px\" \/><\/a><\/figure><\/div><\/div>\n\n\n\n<div class=\"wp-block-column is-layout-flow wp-block-column-is-layout-flow\"><div class=\"wp-block-image\">\n<figure class=\"aligncenter size-large is-resized\"><a href=\"https:\/\/www.tiktok.com\/@ofarrell125?_r=1&amp;_t=ZP-93xYv360wSk\" target=\"_blank\" rel=\" noreferrer noopener\"><img loading=\"lazy\" decoding=\"async\" width=\"1024\" height=\"1021\" src=\"https:\/\/ivanofarrell.com\/wp-content\/uploads\/2026\/02\/pngimg.com-tiktok_PNG3-1024x1021.png\" alt=\"\" class=\"wp-image-1239\" style=\"width:160px;height:auto\" srcset=\"https:\/\/ivanofarrell.com\/wp-content\/uploads\/2026\/02\/pngimg.com-tiktok_PNG3-1024x1021.png 1024w, https:\/\/ivanofarrell.com\/wp-content\/uploads\/2026\/02\/pngimg.com-tiktok_PNG3-300x300.png 300w, https:\/\/ivanofarrell.com\/wp-content\/uploads\/2026\/02\/pngimg.com-tiktok_PNG3-150x150.png 150w, https:\/\/ivanofarrell.com\/wp-content\/uploads\/2026\/02\/pngimg.com-tiktok_PNG3-768x766.png 768w, https:\/\/ivanofarrell.com\/wp-content\/uploads\/2026\/02\/pngimg.com-tiktok_PNG3-12x12.png 12w, https:\/\/ivanofarrell.com\/wp-content\/uploads\/2026\/02\/pngimg.com-tiktok_PNG3.png 1056w\" sizes=\"auto, (max-width: 1024px) 100vw, 1024px\" \/><\/a><\/figure><\/div><\/div>\n\n\n\n<div class=\"wp-block-column is-vertically-aligned-center is-layout-flow wp-block-column-is-layout-flow\"><div class=\"wp-block-image\">\n<figure class=\"aligncenter size-full is-resized\"><a href=\"https:\/\/www.instagram.com\/smvnetworks?utm_source=ig_web_button_share_sheet&amp;igsh=ZDNlZDc0MzIxNw==\" target=\"_blank\" rel=\" noreferrer noopener\"><img loading=\"lazy\" decoding=\"async\" width=\"225\" height=\"224\" src=\"https:\/\/ivanofarrell.com\/wp-content\/uploads\/2021\/12\/ig-1.jpeg\" alt=\"\" class=\"wp-image-869\" style=\"width:164px;height:auto\" srcset=\"https:\/\/ivanofarrell.com\/wp-content\/uploads\/2021\/12\/ig-1.jpeg 225w, https:\/\/ivanofarrell.com\/wp-content\/uploads\/2021\/12\/ig-1-150x150.jpeg 150w, https:\/\/ivanofarrell.com\/wp-content\/uploads\/2021\/12\/ig-1-60x60.jpeg 60w\" sizes=\"auto, (max-width: 225px) 100vw, 225px\" \/><\/a><\/figure><\/div><\/div>\n<\/div>\n\n\n\n<h2 class=\"wp-block-heading has-text-align-center\">Video de la Semana<\/h2>\n\n\n\n<figure class=\"wp-block-embed is-type-video is-provider-youtube wp-block-embed-youtube wp-embed-aspect-16-9 wp-has-aspect-ratio\"><div class=\"wp-block-embed__wrapper\">\n<iframe loading=\"lazy\" title=\"C\u00f3mo Decirle Adios a una Pareja que te Trata Mal y de la C-Xualidad que Nadie Habla.\" width=\"810\" height=\"456\" src=\"https:\/\/www.youtube.com\/embed\/fctX0vHL3yE?feature=oembed\" frameborder=\"0\" allow=\"accelerometer; autoplay; clipboard-write; encrypted-media; gyroscope; picture-in-picture; web-share\" referrerpolicy=\"strict-origin-when-cross-origin\" allowfullscreen><\/iframe>\n<\/div><\/figure>\n\n\n\n<p><\/p>\n\n\n\n<p><\/p>\n\n\n\n<div class=\"wp-block-buttons is-content-justification-center is-layout-flex wp-container-core-buttons-is-layout-16018d1d wp-block-buttons-is-layout-flex\">\n<div class=\"wp-block-button aligncenter is-style-outline is-style-outline--1\"><a class=\"wp-block-button__link has-text-align-center wp-element-button\" href=\"http:\/\/p.onlineradiobox.com\/us\/wunr\/player\/?cs=us.wunr&amp;played=1&amp;os=ios\">Listen to the radio show on 1600 AM Boston<\/a><\/div>\n<\/div>\n\n\n\n<h2 class=\"wp-block-heading has-text-align-center\"><strong>Lunes y Viernes a las 5:30 pm<\/strong><\/h2>\n\n\n<div class=\"wp-block-image\">\n<figure class=\"aligncenter size-large\"><a href=\"https:\/\/onlineradiobox.com\/us\/wunr\/\"><img loading=\"lazy\" decoding=\"async\" width=\"1024\" height=\"497\" src=\"https:\/\/ivanofarrell.com\/wp-content\/uploads\/2026\/01\/Screenshot-2026-01-30-at-3.38.48-AM-1024x497.png\" alt=\"\" class=\"wp-image-1189\" srcset=\"https:\/\/ivanofarrell.com\/wp-content\/uploads\/2026\/01\/Screenshot-2026-01-30-at-3.38.48-AM-1024x497.png 1024w, https:\/\/ivanofarrell.com\/wp-content\/uploads\/2026\/01\/Screenshot-2026-01-30-at-3.38.48-AM-300x146.png 300w, https:\/\/ivanofarrell.com\/wp-content\/uploads\/2026\/01\/Screenshot-2026-01-30-at-3.38.48-AM-768x373.png 768w, https:\/\/ivanofarrell.com\/wp-content\/uploads\/2026\/01\/Screenshot-2026-01-30-at-3.38.48-AM.png 1384w\" sizes=\"auto, (max-width: 1024px) 100vw, 1024px\" \/><\/a><\/figure><\/div>\n\n\n<h2 class=\"wp-block-heading has-text-align-center\">Your Brand on Mente al Desnudo!<\/h2>\n\n\n\n<div class=\"wp-block-media-text alignwide is-stacked-on-mobile\"><figure class=\"wp-block-media-text__media\"><img loading=\"lazy\" decoding=\"async\" width=\"1024\" height=\"683\" src=\"https:\/\/ivanofarrell.com\/wp-content\/uploads\/2021\/12\/persona-1024x683.jpeg\" alt=\"\" class=\"wp-image-960 size-full\" srcset=\"https:\/\/ivanofarrell.com\/wp-content\/uploads\/2021\/12\/persona-1024x683.jpeg 1024w, https:\/\/ivanofarrell.com\/wp-content\/uploads\/2021\/12\/persona-300x200.jpeg 300w, https:\/\/ivanofarrell.com\/wp-content\/uploads\/2021\/12\/persona-768x512.jpeg 768w, https:\/\/ivanofarrell.com\/wp-content\/uploads\/2021\/12\/persona-1536x1025.jpeg 1536w, https:\/\/ivanofarrell.com\/wp-content\/uploads\/2021\/12\/persona-90x60.jpeg 90w, https:\/\/ivanofarrell.com\/wp-content\/uploads\/2021\/12\/persona.jpeg 1920w\" sizes=\"auto, (max-width: 1024px) 100vw, 1024px\" \/><\/figure><div class=\"wp-block-media-text__content\">\n<div class=\"wp-block-group\"><div class=\"wp-block-group__inner-container is-layout-flow wp-block-group-is-layout-flow\">\n<p class=\"has-text-align-justify\"><strong>Become an official sponsor of the podcast, promote your brand or product to our Latino audience, and help us bring quality education to the world. Contact us to learn more about the benefits of advertising with us!<\/strong><\/p>\n<\/div><\/div>\n\n\n\n<div style=\"height:20px\" aria-hidden=\"true\" class=\"wp-block-spacer\"><\/div>\n\n\n\n<div class=\"wp-block-buttons is-horizontal is-content-justification-center is-layout-flex wp-container-core-buttons-is-layout-499968f5 wp-block-buttons-is-layout-flex\"><\/div>\n\n\n\n<p><\/p>\n<\/div><\/div>\n\n\n\n<h2 class=\"wp-block-heading has-text-align-center\">Contact me<\/h2>\n\n\n\n<div class=\"wp-block-buttons is-horizontal is-content-justification-center is-layout-flex wp-container-core-buttons-is-layout-499968f5 wp-block-buttons-is-layout-flex\">\n<div class=\"wp-block-button is-style-outline is-style-outline--2\"><a class=\"wp-block-button__link has-black-color has-white-background-color has-text-color has-background wp-element-button\" href=\"https:\/\/api.whatsapp.com\/message\/5THR5VGWOWQRK1\" target=\"_blank\" rel=\"noreferrer noopener\"> <img loading=\"lazy\" decoding=\"async\" width=\"30\" height=\"30\" class=\"wp-image-972\" style=\"width: 30px;\" src=\"https:\/\/ivanofarrell.com\/wp-content\/uploads\/2021\/12\/whatsapp-e1639334391941.png\" alt=\"\"> Env\u00edanos un WhatsApp<\/a><\/div>\n<\/div>\n\n\n\n<p class=\"has-text-align-center\">If you have any questions, comments, or suggestions, or if you would like to become a podcast sponsor, send me a WhatsApp message. I\u2019ll be happy to hear from you. Click the button below!<\/p>\n\n\n\n<p><\/p>\n<!-- AddThis Advanced Settings generic via filter on the_content --><!-- AddThis Share Buttons generic via filter on the_content -->","protected":false},"excerpt":{"rendered":"<p>Mente al Desnudo es un podcast bajo la producci\u00f3n de SMV Networks donde exploramos el mundo emocional, psicol\u00f3gico y sexual del ser humano con honestidad, empat\u00eda y sin filtros. Cada episodio abre la puerta a conversaciones profundas, reales y transformadoras que te invitan a entenderte y sentirte acompa\u00f1ado en tu proceso interior. \u00a1Escucha el Podcast! &hellip; <!-- AddThis Advanced Settings generic via filter on get_the_excerpt --><!-- AddThis Share Buttons generic via filter on get_the_excerpt --><\/p>","protected":false},"author":1,"featured_media":0,"parent":0,"menu_order":0,"comment_status":"closed","ping_status":"closed","template":"","meta":{"_editorskit_title_hidden":false,"_editorskit_reading_time":1,"_editorskit_is_block_options_detached":false,"_editorskit_block_options_position":"{}","footnotes":""},"class_list":["post-138","page","type-page","status-publish","hentry"],"_links":{"self":[{"href":"https:\/\/ivanofarrell.com\/en\/wp-json\/wp\/v2\/pages\/138","targetHints":{"allow":["GET"]}}],"collection":[{"href":"https:\/\/ivanofarrell.com\/en\/wp-json\/wp\/v2\/pages"}],"about":[{"href":"https:\/\/ivanofarrell.com\/en\/wp-json\/wp\/v2\/types\/page"}],"author":[{"embeddable":true,"href":"https:\/\/ivanofarrell.com\/en\/wp-json\/wp\/v2\/users\/1"}],"replies":[{"embeddable":true,"href":"https:\/\/ivanofarrell.com\/en\/wp-json\/wp\/v2\/comments?post=138"}],"version-history":[{"count":320,"href":"https:\/\/ivanofarrell.com\/en\/wp-json\/wp\/v2\/pages\/138\/revisions"}],"predecessor-version":[{"id":1280,"href":"https:\/\/ivanofarrell.com\/en\/wp-json\/wp\/v2\/pages\/138\/revisions\/1280"}],"wp:attachment":[{"href":"https:\/\/ivanofarrell.com\/en\/wp-json\/wp\/v2\/media?parent=138"}],"curies":[{"name":"wp","href":"https:\/\/api.w.org\/{rel}","templated":true}]}}